{"id":430,"date":"2017-06-08T10:39:59","date_gmt":"2017-06-08T10:39:59","guid":{"rendered":"https:\/\/ariateliers.com\/haufig-gestellte-fragen\/"},"modified":"2022-05-11T22:19:44","modified_gmt":"2022-05-11T22:19:44","slug":"haufig-gestellte-fragen","status":"publish","type":"page","link":"https:\/\/helloaria.de\/de\/haufig-gestellte-fragen\/","title":{"rendered":"h\u00e4ufig gestellte Fragen"},"content":{"rendered":"<section class=\"wpb-content-wrapper\"><p>[vc_row css=\u201c.vc_custom_1480660608661{margin-bottom: 70px !important;}\u201c][vc_column width=\u201c2\/3\u2033 offset=\u201cvc_col-lg-offset-2 vc_col-lg-8 vc_col-md-offset-0 vc_col-md-12\u2033][vc_column_text]<\/p>\n<p style=\"color: #23232c; font-size: 22px; line-height: 34px; font-weight: 500;\">Wir sind immer bereit, Sie in allen Belangen rund um unsere Dienstleistungen zu unterst\u00fctzen.<\/p>\n<p style=\"font-size: 16px;\">Wir haben versucht, Antworten auf h\u00e4ufig gestellte Fragen zu geben. Wenn Sie Antworten auf Ihre anderen Fragen suchen, <a href=\"mailto: hello@ariateliers.com\">senden Sie uns eine E-Mail<\/a>, <a href=\"https:\/\/ariateliers.com\/kontakt\"> unser Kontaktformular<\/a> Sie erreichen uns 24 Stunden am Tag, 7 Tage die Woche oder per Whatsapp.<\/p>\n<p>[\/vc_column_text][\/vc_column][\/vc_row][vc_row][vc_column]<div class=\"sober-faq  \">\n\t\t\t\t<div class=\"question\">\n\t\t\t\t\t<span class=\"question-label\">Question<\/span>\n\t\t\t\t\t<span class=\"question-icon\"><span class=\"toggle-icon\"><\/span><\/span>\n\t\t\t\t\t<span class=\"question-title\">Was ist der Unterschied zu Sojawachs?<\/span>\n\t\t\t\t<\/div>\n\t\t\t\t<div class=\"answer\"><span class=\"answer-label\">Answer<\/span>Sojawachs ist nat\u00fcrlich, ru\u00dft nicht, atmet nicht, belastet die Umwelt nicht, ist langlebig, recycelbar, emittiert ein besserer Geruch, hinterl\u00e4sst keine R\u00fcckst\u00e4nde.<\/div>\n\t\t\t<\/div><div class=\"sober-faq  \">\n\t\t\t\t<div class=\"question\">\n\t\t\t\t\t<span class=\"question-label\">Question<\/span>\n\t\t\t\t\t<span class=\"question-icon\"><span class=\"toggle-icon\"><\/span><\/span>\n\t\t\t\t\t<span class=\"question-title\">Was ist Keramik?<\/span>\n\t\t\t\t<\/div>\n\t\t\t\t<div class=\"answer\"><span class=\"answer-label\">Answer<\/span>Keramiken werden durch Brennen von Ton, Kaolin und \u00e4hnlichen Materialien bei hohen Temperaturen hergestellt, die im Allgemeinen durch den Zerfall von Gestein unter \u00e4u\u00dferen Einfl\u00fcssen entstehen. Insofern ist es im Volksmund als Material auf Terrakotta-Basis bekannt.Ton wird nach einem bestimmten Herstellungsprozess zu einem harten und nicht verformbaren Material, das bis auf einige Besonderheiten keinen \u00e4u\u00dferen Einfl\u00fcssen ausgesetzt ist. Bei der Herstellung von keramischen Werkstoffen ist es m\u00f6glich, dem keramischen Werkstoff durch Zugabe bestimmter Stoffe zum Tonschlamm, durch unterschiedliche Formgebungsverfahren und durch einen f\u00fcr den verwendeten Schlamm geeigneten Brand die gew\u00fcnschte Qualit\u00e4t zu verleihen. Es h\u00e4lt sehr hohen Temperaturen (1000-1600 Grad Celsius) stand.<\/div>\n\t\t\t<\/div><div class=\"sober-faq  \">\n\t\t\t\t<div class=\"question\">\n\t\t\t\t\t<span class=\"question-label\">Question<\/span>\n\t\t\t\t\t<span class=\"question-icon\"><span class=\"toggle-icon\"><\/span><\/span>\n\t\t\t\t\t<span class=\"question-title\">Wie hoch sind die Versandkosten?<\/span>\n\t\t\t\t<\/div>\n\t\t\t\t<div class=\"answer\"><span class=\"answer-label\">Answer<\/span>F\u00fcr alle Ihre Eink\u00e4ufe auf ariateliers.com fallen keine Versandkosten an. Sie zahlen keine Geb\u00fchren f\u00fcr die sicherste Verpackung und den Versand der Produkte .<\/div>\n\t\t\t<\/div><div class=\"sober-faq  \">\n\t\t\t\t<div class=\"question\">\n\t\t\t\t\t<span class=\"question-label\">Question<\/span>\n\t\t\t\t\t<span class=\"question-icon\"><span class=\"toggle-icon\"><\/span><\/span>\n\t\t\t\t\t<span class=\"question-title\">Kann ich Artikel, die ich gekauft habe, direkt als Geschenk versenden?<\/span>\n\t\t\t\t<\/div>\n\t\t\t\t<div class=\"answer\"><span class=\"answer-label\">Answer<\/span>Sie k\u00f6nnen ein Geschenk senden, indem Sie den Namen, die Adresse und die pers\u00f6nliche Nachricht der Person, die Sie beschenken m\u00f6chten, mit uns teilen. Ihre Geschenke werden ihrem Zweck entsprechend verpackt und versendet.<\/div>\n\t\t\t<\/div><div class=\"sober-faq  \">\n\t\t\t\t<div class=\"question\">\n\t\t\t\t\t<span class=\"question-label\">Question<\/span>\n\t\t\t\t\t<span class=\"question-icon\"><span class=\"toggle-icon\"><\/span><\/span>\n\t\t\t\t\t<span class=\"question-title\">Kann ich \u00c4nderungen an meinen Bestellungen vornehmen?<\/span>\n\t\t\t\t<\/div>\n\t\t\t\t<div class=\"answer\"><span class=\"answer-label\">Answer<\/span>Sie k\u00f6nnen die von Ihnen aufgegebenen Bestellungen \u00e4ndern, Produkte hinzuf\u00fcgen oder entfernen, die Adresse \u00e4ndern oder den Empf\u00e4nger \u00e4ndern, wenn es nicht versendet wurde. Abgesehen von allen Transaktionen, die Sie im System durchf\u00fchren k\u00f6nnen, k\u00f6nnen Sie uns die Transaktionen, die Sie durchf\u00fchren m\u00f6chten, per Nachricht oder per E-Mail an hello@ariateliers.com mitteilen.<\/div>\n\t\t\t<\/div><div class=\"sober-faq  \">\n\t\t\t\t<div class=\"question\">\n\t\t\t\t\t<span class=\"question-label\">Question<\/span>\n\t\t\t\t\t<span class=\"question-icon\"><span class=\"toggle-icon\"><\/span><\/span>\n\t\t\t\t\t<span class=\"question-title\">Wann ist die R\u00fcckerstattung der Produkte, die ich storniert habe?<\/span>\n\t\t\t\t<\/div>\n\t\t\t\t<div class=\"answer\"><span class=\"answer-label\">Answer<\/span>Wenn Ihr Produkt nicht versandt wurde, erhalten Sie innerhalb von 2 Stunden nach Erhalt Ihrer Anfrage eine R\u00fcckerstattung. Wie lange es dauert, bis das Geld auf Ihrem Konto eingeht, h\u00e4ngt von Ihrer Bank ab. Wenn Sie nach Versand des Produkts storniert haben, erfolgt Ihre R\u00fcckerstattung sofort, nachdem die Produkte bei uns eingetroffen sind und die erforderlichen Pr\u00fcfungen durchgef\u00fchrt wurden.<\/div>\n\t\t\t<\/div><div class=\"sober-faq  \">\n\t\t\t\t<div class=\"question\">\n\t\t\t\t\t<span class=\"question-label\">Question<\/span>\n\t\t\t\t\t<span class=\"question-icon\"><span class=\"toggle-icon\"><\/span><\/span>\n\t\t\t\t\t<span class=\"question-title\">Wie k\u00f6nnen wir unsere Sonderw\u00fcnsche weiterleiten?<\/span>\n\t\t\t\t<\/div>\n\t\t\t\t<div class=\"answer\"><span class=\"answer-label\">Answer<\/span>Sie erreichen uns \u00fcber den Nachrichtenbereich auf unserer Website, hello@ariateliers.com, unsere Instagram-Seite ari.ateliers oder unsere WhatsApp-Leitung und Senden Sie Ihre W\u00fcnsche, Fragen oder Vorschl\u00e4ge. Sie k\u00f6nnen sie weiterleiten.<\/div>\n\t\t\t<\/div>[\/vc_column][\/vc_row]<\/p>\n<\/section>","protected":false},"excerpt":{"rendered":"<p>[vc_row css=\u201c.vc_custom_1480660608661{margin-bottom: 70px !important;}\u201c][vc_column width=\u201c2\/3\u2033 offset=\u201cvc_col-lg-offset-2 vc_col-lg-8 vc_col-md-offset-0 vc_col-md-12\u2033][vc_column_text] Wir sind immer bereit, Sie in allen Belangen rund um unsere Dienstleistungen zu unterst\u00fctzen. Wir haben versucht, Antworten auf h\u00e4ufig gestellte&hellip;<\/p>\n","protected":false},"author":1,"featured_media":0,"parent":0,"menu_order":0,"comment_status":"closed","ping_status":"closed","template":"","meta":{"footnotes":""},"class_list":["post-430","page","type-page","status-publish","hentry"],"_links":{"self":[{"href":"https:\/\/helloaria.de\/de\/wp-json\/wp\/v2\/pages\/430","targetHints":{"allow":["GET"]}}],"collection":[{"href":"https:\/\/helloaria.de\/de\/wp-json\/wp\/v2\/pages"}],"about":[{"href":"https:\/\/helloaria.de\/de\/wp-json\/wp\/v2\/types\/page"}],"author":[{"embeddable":true,"href":"https:\/\/helloaria.de\/de\/wp-json\/wp\/v2\/users\/1"}],"replies":[{"embeddable":true,"href":"https:\/\/helloaria.de\/de\/wp-json\/wp\/v2\/comments?post=430"}],"version-history":[{"count":8,"href":"https:\/\/helloaria.de\/de\/wp-json\/wp\/v2\/pages\/430\/revisions"}],"predecessor-version":[{"id":1082,"href":"https:\/\/helloaria.de\/de\/wp-json\/wp\/v2\/pages\/430\/revisions\/1082"}],"wp:attachment":[{"href":"https:\/\/helloaria.de\/de\/wp-json\/wp\/v2\/media?parent=430"}],"curies":[{"name":"wp","href":"https:\/\/api.w.org\/{rel}","templated":true}]}}