{"id":578,"date":"2017-06-07T04:29:49","date_gmt":"2017-06-07T04:29:49","guid":{"rendered":"https:\/\/ariateliers.com\/kommunikation\/"},"modified":"2022-05-13T11:36:27","modified_gmt":"2022-05-13T11:36:27","slug":"kontakt","status":"publish","type":"page","link":"https:\/\/helloaria.de\/de\/kontakt\/","title":{"rendered":"Kontakt"},"content":{"rendered":"<section class=\"wpb-content-wrapper\"><p>[vc_row css=\u201c.vc_custom_1480664533097{margin-top: 20px !important;margin-bottom: 65px !important;}\u201c][vc_column offset=\u201cvc_col-lg-offset-2 vc_col-lg-8 vc_col-md-offset-0 vc_col-md-12 vc_col-sm-offset-0\u2033][vc_column_text css=\u201c.vc_custom_1652036707565{margin-bottom: 55px !important;}\u201c]<\/p>\n<p style=\"font-size: 18px; line-height: 34px;\">Sie k\u00f6nnen uns t\u00e4glich und st\u00fcndlich Ihre Fragen, Meinungen, Anregungen oder W\u00fcnsche zukommen lassen. Die R\u00fccksendung erfolgt schnellstm\u00f6glich.<\/p>\n<p>[\/vc_column_text]<div class=\"sober-contact-box  \"><div class=\"contact-info\">\n\t\t\t\t\t<svg width=\"20\" height=\"20\" class=\"info-icon\"><use xlink:href=\"#mail\"><\/use><\/svg>\n\t\t\t\t\t<span class=\"info-name\">Email<\/span>\n\t\t\t\t\t<span class=\"info-value\"><a href=\"mailto:hello@ariateliers.com\">hello@ariateliers.com<\/a><\/span>\n\t\t\t\t<\/div><\/div>[\/vc_column][\/vc_row][vc_row full_width=\u201cstretch_row_content_no_spaces\u201c css=\u201c.vc_custom_1480663700614{background-color: #f1f2f4 !important;}\u201c][vc_column width=\u201c1\/2\u2033][\/vc_column][vc_column width=\u201c1\/2\u2033][vc_custom_heading text=\u201cKontaktieren Sie uns\u201c font_container=\u201ctag:h2|font_size:32|text_align:left\u201c use_theme_fonts=\u201cyes\u201c css=\u201c.vc_custom_1652036805270{margin-top: 60px !important;margin-bottom: 40px !important;}\u201c]\n<div class=\"wpcf7 no-js\" id=\"wpcf7-f1199-o1\" lang=\"de-DE\" dir=\"ltr\" data-wpcf7-id=\"1199\">\n<div class=\"screen-reader-response\"><p role=\"status\" aria-live=\"polite\" aria-atomic=\"true\"><\/p> <ul><\/ul><\/div>\n<form action=\"\/de\/wp-json\/wp\/v2\/pages\/578#wpcf7-f1199-o1\" method=\"post\" class=\"wpcf7-form init\" aria-label=\"Kontaktformular\" novalidate=\"novalidate\" data-status=\"init\">\n<fieldset class=\"hidden-fields-container\"><input type=\"hidden\" name=\"_wpcf7\" value=\"1199\" \/><input type=\"hidden\" name=\"_wpcf7_version\" value=\"6.1.5\" \/><input type=\"hidden\" name=\"_wpcf7_locale\" value=\"de_DE\" \/><input type=\"hidden\" name=\"_wpcf7_unit_tag\" value=\"wpcf7-f1199-o1\" \/><input type=\"hidden\" name=\"_wpcf7_container_post\" value=\"0\" \/><input type=\"hidden\" name=\"_wpcf7_posted_data_hash\" value=\"\" \/>\n<\/fieldset>\n<p><label> Name<br \/>\n<span class=\"wpcf7-form-control-wrap\" data-name=\"your-name\"><input size=\"40\" maxlength=\"400\" class=\"wpcf7-form-control wpcf7-text wpcf7-validates-as-required\" aria-required=\"true\" aria-invalid=\"false\" value=\"\" type=\"text\" name=\"your-name\" \/><\/span> <\/label>\n<\/p>\n<p><label> Email<br \/>\n<span class=\"wpcf7-form-control-wrap\" data-name=\"your-email\"><input size=\"40\" maxlength=\"400\" class=\"wpcf7-form-control wpcf7-email wpcf7-validates-as-required wpcf7-text wpcf7-validates-as-email\" aria-required=\"true\" aria-invalid=\"false\" value=\"\" type=\"email\" name=\"your-email\" \/><\/span> <\/label>\n<\/p>\n<p><label> Gegenstand<br \/>\n<span class=\"wpcf7-form-control-wrap\" data-name=\"your-subject\"><input size=\"40\" maxlength=\"400\" class=\"wpcf7-form-control wpcf7-text wpcf7-validates-as-required\" aria-required=\"true\" aria-invalid=\"false\" value=\"\" type=\"text\" name=\"your-subject\" \/><\/span> <\/label>\n<\/p>\n<p><label> Ihre Nachricht<br \/>\n<span class=\"wpcf7-form-control-wrap\" data-name=\"your-message\"><textarea cols=\"40\" rows=\"10\" maxlength=\"2000\" class=\"wpcf7-form-control wpcf7-textarea wpcf7-validates-as-required\" aria-required=\"true\" aria-invalid=\"false\" name=\"your-message\"><\/textarea><\/span> <\/label>\n<\/p>\n<p><input class=\"wpcf7-form-control wpcf7-submit has-spinner\" type=\"submit\" value=\"MESAJ G\u00d6NDER\" \/>\n<\/p><p style=\"display: none !important;\" class=\"akismet-fields-container\" data-prefix=\"_wpcf7_ak_\"><label>\u0394<textarea name=\"_wpcf7_ak_hp_textarea\" cols=\"45\" rows=\"8\" maxlength=\"100\"><\/textarea><\/label><input type=\"hidden\" id=\"ak_js_1\" name=\"_wpcf7_ak_js\" value=\"81\"\/><script type=\"text\/javascript\">\n\/* <![CDATA[ *\/\ndocument.getElementById( \"ak_js_1\" ).setAttribute( \"value\", ( new Date() ).getTime() );\n\/* ]]> *\/\n<\/script>\n<\/p><div class=\"wpcf7-response-output\" aria-hidden=\"true\"><\/div>\n<\/form>\n<\/div>\n[\/vc_column][\/vc_row]<\/p>\n<\/section>","protected":false},"excerpt":{"rendered":"<p>[vc_row css=\u201c.vc_custom_1480664533097{margin-top: 20px !important;margin-bottom: 65px !important;}\u201c][vc_column offset=\u201cvc_col-lg-offset-2 vc_col-lg-8 vc_col-md-offset-0 vc_col-md-12 vc_col-sm-offset-0\u2033][vc_column_text css=\u201c.vc_custom_1652036707565{margin-bottom: 55px !important;}\u201c] Sie k\u00f6nnen uns t\u00e4glich und st\u00fcndlich Ihre Fragen, Meinungen, Anregungen oder W\u00fcnsche zukommen lassen. Die R\u00fccksendung&hellip;<\/p>\n","protected":false},"author":1,"featured_media":0,"parent":0,"menu_order":0,"comment_status":"closed","ping_status":"closed","template":"","meta":{"footnotes":""},"class_list":["post-578","page","type-page","status-publish","hentry"],"_links":{"self":[{"href":"https:\/\/helloaria.de\/de\/wp-json\/wp\/v2\/pages\/578","targetHints":{"allow":["GET"]}}],"collection":[{"href":"https:\/\/helloaria.de\/de\/wp-json\/wp\/v2\/pages"}],"about":[{"href":"https:\/\/helloaria.de\/de\/wp-json\/wp\/v2\/types\/page"}],"author":[{"embeddable":true,"href":"https:\/\/helloaria.de\/de\/wp-json\/wp\/v2\/users\/1"}],"replies":[{"embeddable":true,"href":"https:\/\/helloaria.de\/de\/wp-json\/wp\/v2\/comments?post=578"}],"version-history":[{"count":6,"href":"https:\/\/helloaria.de\/de\/wp-json\/wp\/v2\/pages\/578\/revisions"}],"predecessor-version":[{"id":1208,"href":"https:\/\/helloaria.de\/de\/wp-json\/wp\/v2\/pages\/578\/revisions\/1208"}],"wp:attachment":[{"href":"https:\/\/helloaria.de\/de\/wp-json\/wp\/v2\/media?parent=578"}],"curies":[{"name":"wp","href":"https:\/\/api.w.org\/{rel}","templated":true}]}}