{"id":810,"date":"2022-05-08T17:28:38","date_gmt":"2022-05-08T17:28:38","guid":{"rendered":"https:\/\/ariateliers.com\/datenschutz-bestimmungen\/"},"modified":"2022-05-11T19:34:10","modified_gmt":"2022-05-11T19:34:10","slug":"datenschutz-bestimmungen","status":"publish","type":"page","link":"https:\/\/helloaria.de\/de\/datenschutz-bestimmungen\/","title":{"rendered":"Datenschutz-Bestimmungen"},"content":{"rendered":"&#13;\n<h2 class=\"wp-block-heading\">Wer sind wir<\/h2>&#13;\n&#13;\n<p>Unsere Website-Adresse: <a href=\"https:\/\/www.ariateliers.com\/\">https:\/\/www.ariateliers.com<\/a><\/p>&#13;\n&#13;\n<h2 class=\"wp-block-heading\">Bemerkungen<\/h2>&#13;\n&#13;\n<p>Wenn Besucher Kommentare auf der Website hinterlassen, erfassen wir die im Kommentarformular angezeigten Daten sowie die IP-Adresse des Besuchers und Browser-Informationstext, um die Spam-Erkennung zu unterst\u00fctzen.<\/p>&#13;\n&#13;\n<p>Ein anonymisierter Text (auch Hash genannt), der aus Ihrer E-Mail-Adresse generiert wird, kann dem Gravatar-Dienst zur Verf\u00fcgung gestellt werden, um zu sehen, ob Sie den Dienst nutzen. Die Datenschutzerkl\u00e4rung des Gravatar-Dienstes ist abrufbar unter: <a href=\"https:\/\/automattic.com\/privacy\/\">https:\/\/automattic.com\/privacy\/<\/a> . Nachdem Ihr Kommentar genehmigt wurde, ist Ihr Profilbild zusammen mit Ihrem Kommentar f\u00fcr alle sichtbar.<\/p>&#13;\n&#13;\n<h2 class=\"wp-block-heading\">Umfeld<\/h2>&#13;\n&#13;\n<p>Wenn Sie Bilder auf die Website hochladen, sollten Sie vermeiden, Bilder hochzuladen, die eingebettete Standortdaten (EXIF GPS) enthalten. Website-Besucher k\u00f6nnen beliebige Standortinformationen aus Bildern auf der Website herunterladen und extrahieren.<\/p>&#13;\n&#13;\n<h2 class=\"wp-block-heading\">Kekse<\/h2>&#13;\n&#13;\n<p>Wenn Sie einen Kommentar auf unserer Website hinterlassen, k\u00f6nnen Sie Ihren Namen, Ihre E-Mail-Adresse und Ihre Website in Cookies speichern. Diese dienen Ihrer Bequemlichkeit, damit Sie Ihre Informationen nicht erneut eingeben m\u00fcssen, wenn Sie einen weiteren Kommentar hinterlassen. Diese Cookies bleiben ein Jahr lang bestehen.<\/p>&#13;\n&#13;\n<p>Wenn Sie unsere Homepage besuchen, setzen wir ein tempor\u00e4res Cookie, um festzustellen, ob Ihr Browser Cookies akzeptiert. Dieses Cookie enth\u00e4lt keine personenbezogenen Daten und wird verworfen, wenn Sie Ihren Browser schlie\u00dfen.<\/p>&#13;\n&#13;\n<p>Wenn Sie sich anmelden, speichern wir einige Cookies, um Ihre Anmeldeinformationen und die Auswahl der Bildschirmansicht zu speichern. Login-Cookies bleiben zwei Tage und Cookies f\u00fcr Bildschirmoptionen ein Jahr lang. Wenn Sie die Option \u201eRemember me\u201c w\u00e4hlen, ist Ihr Login zwei Wochen lang g\u00fcltig. Wenn Sie sich von Ihrem Konto abmelden, werden die Anmelde-Cookies entfernt.<\/p>&#13;\n&#13;\n<p>Wenn Sie einen Artikel bearbeiten oder ver\u00f6ffentlichen, wird ein zus\u00e4tzlicher Cookie in Ihrem Browser gespeichert. Dieses Cookie enth\u00e4lt keine personenbezogenen Daten und zeigt nur die Beitrags-ID des Artikels, den Sie bearbeiten. Es verf\u00e4llt nach 1 Tag.<\/p>&#13;\n&#13;\n<h2 class=\"wp-block-heading\">Inhalte, die von anderen Websites eingebettet sind<\/h2>&#13;\n&#13;\n<p>Artikel auf dieser Website k\u00f6nnen eingebettete Inhalte enthalten (z. B. Videos, Bilder, Artikel usw.). Von anderen Websites eingebettete Inhalte verhalten sich genau so, als ob der Besucher die andere Website besucht h\u00e4tte.<\/p>&#13;\n&#13;\n<p>Diese Websites k\u00f6nnen Daten \u00fcber Sie sammeln, Cookies verwenden, Tracking von Drittanbietern einbetten und Ihre Interaktion mit diesen eingebetteten Inhalten \u00fcberwachen, einschlie\u00dflich der Verfolgung Ihrer Interaktion mit den eingebetteten Inhalten, wenn Sie ein Konto haben und auf dieser Website angemeldet sind.<\/p>&#13;\n&#13;\n<h2 class=\"wp-block-heading\">Mit wem teilen wir Ihre Daten?<\/h2>&#13;\n&#13;\n<p>Wenn Sie ein Zur\u00fccksetzen des Passworts anfordern, ist Ihre IP-Adresse in der Zur\u00fccksetzungs-E-Mail enthalten.<\/p>&#13;\n&#13;\n<h2 class=\"wp-block-heading\">Wie lange bewahren wir Ihre Daten auf?<\/h2>&#13;\n&#13;\n<p>Wenn Sie einen Kommentar hinterlassen, werden der Kommentar und seine Metadaten auf unbestimmte Zeit gespeichert. Auf diese Weise k\u00f6nnen wir Ihre Folgekommentare automatisch erkennen und genehmigen, anstatt sie in der Moderationswarteschlange zu belassen.<\/p>&#13;\n&#13;\n<p>F\u00fcr Benutzer, die sich auf unserer Website registrieren (falls vorhanden), speichern wir auch die pers\u00f6nlichen Informationen, die sie in ihrem Benutzerprofil angeben. Alle Benutzer k\u00f6nnen ihre pers\u00f6nlichen Daten jederzeit einsehen, bearbeiten oder l\u00f6schen (mit Ausnahme der \u00c4nderung des Benutzernamens). Website-Administratoren k\u00f6nnen diese Informationen auch anzeigen und bearbeiten.<\/p>&#13;\n&#13;\n<h2 class=\"wp-block-heading\">Welche Rechte haben Sie an Ihren Daten?<\/h2>&#13;\n&#13;\n<p>Wenn Sie ein Konto oder Kommentare auf dieser Website haben, k\u00f6nnen Sie anfordern, eine exportierte Datei der personenbezogenen Daten zu erhalten, die wir \u00fcber Sie gespeichert haben, einschlie\u00dflich der Daten, die Sie uns zur Verf\u00fcgung gestellt haben. Sie k\u00f6nnen auch verlangen, dass alle personenbezogenen Daten, die wir \u00fcber Sie gespeichert haben, gel\u00f6scht werden. Dies umfasst keine Daten, die wir aus administrativen, rechtlichen oder Sicherheitsgr\u00fcnden verarbeiten m\u00fcssen.<\/p>&#13;\n&#13;\n<h2 class=\"wp-block-heading\">Wohin senden wir Ihre Daten<\/h2>&#13;\n&#13;\n<p>Besucher-Kommentare k\u00f6nnen vom automatisierten Dienst zur Spam-Erkennung untersucht werden.<\/p>&#13;\n","protected":false},"excerpt":{"rendered":"<p>&#13; Wer sind wir &#13; &#13; Unsere Website-Adresse: https:\/\/www.ariateliers.com &#13; &#13; Bemerkungen &#13; &#13; Wenn Besucher Kommentare auf der Website hinterlassen, erfassen wir die im Kommentarformular angezeigten Daten sowie die&hellip;<\/p>\n","protected":false},"author":1,"featured_media":0,"parent":0,"menu_order":0,"comment_status":"closed","ping_status":"closed","template":"","meta":{"footnotes":""},"class_list":["post-810","page","type-page","status-publish","hentry"],"_links":{"self":[{"href":"https:\/\/helloaria.de\/de\/wp-json\/wp\/v2\/pages\/810","targetHints":{"allow":["GET"]}}],"collection":[{"href":"https:\/\/helloaria.de\/de\/wp-json\/wp\/v2\/pages"}],"about":[{"href":"https:\/\/helloaria.de\/de\/wp-json\/wp\/v2\/types\/page"}],"author":[{"embeddable":true,"href":"https:\/\/helloaria.de\/de\/wp-json\/wp\/v2\/users\/1"}],"replies":[{"embeddable":true,"href":"https:\/\/helloaria.de\/de\/wp-json\/wp\/v2\/comments?post=810"}],"version-history":[{"count":2,"href":"https:\/\/helloaria.de\/de\/wp-json\/wp\/v2\/pages\/810\/revisions"}],"predecessor-version":[{"id":1037,"href":"https:\/\/helloaria.de\/de\/wp-json\/wp\/v2\/pages\/810\/revisions\/1037"}],"wp:attachment":[{"href":"https:\/\/helloaria.de\/de\/wp-json\/wp\/v2\/media?parent=810"}],"curies":[{"name":"wp","href":"https:\/\/api.w.org\/{rel}","templated":true}]}}