{"id":945,"date":"2022-05-09T20:38:04","date_gmt":"2022-05-09T20:38:04","guid":{"rendered":"https:\/\/ariateliers.com\/fernabsatzvertrag\/"},"modified":"2022-05-11T12:20:10","modified_gmt":"2022-05-11T12:20:10","slug":"fernabsatzvertrag","status":"publish","type":"page","link":"https:\/\/helloaria.de\/de\/fernabsatzvertrag\/","title":{"rendered":"Fernabsatzvertrag"},"content":{"rendered":"\n<p>Dieser Fernabsatzvertrag (\u201eVERTRAG\u201c) 1. Es wurde in der elektronischen Umgebung zwischen den im Artikel genannten Parteien im Rahmen der unten angegebenen Bedingungen eingerichtet.<\/p>\n\n<p>ARTIKEL 1: PARTEIEN<\/p>\n\n<p>1.1 VERK\u00c4UFER:<\/p>\n\n<p>Titel: ARI ATELIER<\/p>\n\n<p>Adresse: <a href=\"www.ariateliers.com\">www.ariateliers.com<\/a><\/p>\n\n<p>Telefon: + (90) 532 741 37 16<\/p>\n\n<p>E-Mail: hello@ariateliers.com<\/p>\n\n<p> 1.2 K\u00c4UFER:<\/p>\n\n<p>Name \/ Nachname \/ Titel:<\/p>\n\n<p>T\u00fcrkische Identit\u00e4tsnummer:<\/p>\n\n<p>Die Anschrift:<\/p>\n\n<p>Telefon:<\/p>\n\n<p>Email:<\/p>\n\n<p>1.3 EIGENSCHAFTEN DES VERTRAGSPRODUKTS:<\/p>\n\n<p>Menge Produktname Verkaufspreis<\/p>\n\n<p>(insgesamt inkl. MwSt.)<\/p>\n\n<p><\/p>\n\n<p><\/p>\n\n<p><\/p>\n\n<p>\u2026\u2026. \u2026\u2026\u2026\u2026\u2026\u2026\u2026\u2026\u2026\u2026. \u2026\u2026..TL<\/p>\n\n<p>1.4 LIEFERPREIS DES PRODUKTS INKLUSIVE ALLER STEUERN<\/p>\n\n<p>Gesamtpreis der Produkte: \u2026. TL<\/p>\n\n<p>Gesamtsteuer der Produkte (MwSt.): \u2026. TL<\/p>\n\n<p>Gesamtversandkosten: \u2026. TL<\/p>\n\n<p>Gesamtlieferpreis: \u2026.. TL<\/p>\n\n<p>ARTIKEL 2: BETREFF<\/p>\n\n<p>Der Vertragsgegenstand geh\u00f6rt dem K\u00c4UFER und dem VERK\u00c4UFER. <a href=\"www.ariateliers.com\">www.ariateliers.com<\/a> Es ist die Bestimmung der Rechte und Pflichten der Parteien gem\u00e4\u00df den Bestimmungen des Gesetzes Nr. 6502 zum Schutz der Verbraucher und der Verordnung \u00fcber Fernabsatzvertr\u00e4ge in Bezug auf den Verkauf und die Lieferung der Produkte, deren Inhalt und Verkaufspreis die in den Artikeln 1.3 und 1.4 des Vertrags angegeben sind und die im Vertrag genannten Qualifikationen aufweisen, die elektronisch \u00fcber die Website bestellt werden. Der K\u00c4UFER, grundlegende Merkmale der zum Verkauf stehenden Produkte, Verkaufspreis, Zahlungsmethode, Lieferbedingungen usw. Er\/sie akzeptiert und erkl\u00e4rt, dass er\/sie \u00fcber alle vorl\u00e4ufigen Informationen \u00fcber das zum Verkauf stehende Produkt und das Widerrufsrecht verf\u00fcgt, best\u00e4tigt diese vorl\u00e4ufigen Informationen elektronisch und bestellt dann das Produkt gem\u00e4\u00df den Bestimmungen dieses Vertrages und Rechnung auf der Website www.ariateliers.com sind Vertragsbestandteile. Es wird davon ausgegangen, dass der K\u00c4UFER alle Bedingungen dieses Vertrages angenommen hat, wenn die Bestellung aufgegeben wird.<\/p>\n\n<p>ARTIKEL 3: LIEFERUNG DES PRODUKTS, VERTRAGSORT UND LIEFERART<\/p>\n\n<p>Das Produkt wird an die Person mit dem Namen \u2026\u2026\u2026 an die Adresse von \u2026\u2026\u2026\u2026\u2026\u2026\u2026.. geliefert, die der K\u00c4UFER um Lieferung gebeten hat, durch den Beamten des Kurierunternehmens.<\/p>\n\n<p>ARTIKEL 4: LIEFERKOSTEN UND LEISTUNG<\/p>\n\n<p>Die Lieferkosten gehen zu Lasten des K\u00c4UFERS. Wenn der VERK\u00c4UFER auf der Website erkl\u00e4rt hat, dass die Liefergeb\u00fchr im Falle eines Einkaufs von mehr als dem angegebenen Betrag von ihm getragen wird, gehen die Lieferkosten zu Lasten des VERK\u00c4UFERS. Auch wenn der K\u00c4UFER zum Zeitpunkt der Lieferung nicht anwesend ist, wird davon ausgegangen, dass der VERK\u00c4UFER seine Verpflichtung vollst\u00e4ndig und vollst\u00e4ndig erf\u00fcllt hat. Aus diesem Grund gehen alle Arten von Sch\u00e4den, die sich aus dem versp\u00e4teten Erhalt des Produkts durch den K\u00c4UFER ergeben, und die Kosten, die durch das Warten des Produkts im Frachtunternehmen und \/ oder die R\u00fccksendung der Fracht an den Verk\u00e4ufer entstehen, zu Lasten des K\u00c4UFERS. Die Lieferung erfolgt so schnell wie m\u00f6glich, nachdem der Vorrat verf\u00fcgbar ist und der Produktpreis auf das Konto des VERK\u00c4UFERS \u00fcberwiesen wurde. Der VERK\u00c4UFER liefert das Produkt innerhalb von 30 (drei\u00dfig) Tagen ab Bestellung und beh\u00e4lt sich das Recht vor, innerhalb dieser Frist weitere 10 (zehn) Tage durch schriftliche Mitteilung zu verl\u00e4ngern. Kann der VERK\u00c4UFER das vertragsgegenst\u00e4ndliche Produkt aufgrund von Lagerverknappung und \u00e4hnlichen betrieblichen Unm\u00f6glichkeiten, unvorhergesehenen Situationen, h\u00f6herer Gewalt oder au\u00dfergew\u00f6hnlichen Umst\u00e4nden wie z der Situation. F\u00fcr die Lieferung des vertragsgegenst\u00e4ndlichen Produkts ist der Produktpreis mit der vom K\u00c4UFER bevorzugten Zahlungsmethode zu bezahlen. Wenn der Produktpreis aus irgendeinem Grund nicht bezahlt oder in den Bankunterlagen storniert wird, gilt der VERK\u00c4UFER als von seiner Verpflichtung zur Lieferung des Produkts befreit.<\/p>\n\n<p>ARTIKEL 5: ERKL\u00c4RUNGEN UND VERPFLICHTUNGEN DES K\u00c4UFERS<\/p>\n\n<p>Der K\u00c4UFER hat das vertragsgegenst\u00e4ndliche Produkt vor Erhalt auf Beulen, gebrochene, zerrissene Verpackungen etc. wird das besch\u00e4digte und defekte Produkt nicht von der Frachtfirma erhalten. Das erhaltene Produkt gilt als unbesch\u00e4digt und intakt. Die Verantwortung f\u00fcr den sorgf\u00e4ltigen Schutz des Produkts nach der Lieferung liegt beim K\u00c4UFER. Wenn vom Widerrufsrecht Gebrauch gemacht werden soll, sollte das Produkt nicht verwendet werden. Die Originalrechnung ist zur\u00fcckzusenden. Wenn die Originalrechnung nicht zur\u00fcckgegeben wird, k\u00f6nnen Mehrwertsteuer und andere gesetzliche Verpflichtungen, falls vorhanden, nicht an den K\u00c4UFER erstattet werden. Die Versandkosten des aufgrund des Widerrufsrechts zur\u00fcckgesendeten Produkts tr\u00e4gt der Verk\u00e4ufer. Wenn die zust\u00e4ndige Bank oder das Finanzinstitut den Produktpreis aufgrund der missbr\u00e4uchlichen oder rechtswidrigen Nutzung der Kreditkarte des K\u00c4UFERS durch unbefugte Personen nach der Lieferung des Produkts nicht an den Verk\u00e4ufer zahlt, ist der K\u00c4UFER verpflichtet, das Produkt innerhalb von 14 Tagen an den Verk\u00e4ufer zu senden 3 (drei) Tage, sofern es ihm zugestellt wurde. In diesem Fall gehen die Versandkosten zu Lasten des K\u00e4ufers. Dar\u00fcber hinaus akzeptiert der K\u00c4UFER, dass die Lieferung an die vom K\u00c4UFER angegebene Adresse und an die zum Zeitpunkt der Lieferung an dieser Adresse anwesende Person als Lieferung an den K\u00c4UFER betrachtet wird.<\/p>\n\n<p>ARTIKEL 6: ERKL\u00c4RUNGEN UND VERPFLICHTUNGEN DES VERK\u00c4UFERS<\/p>\n\n<p>Der Verk\u00e4ufer ist daf\u00fcr verantwortlich, das Vertragsprodukt unversehrt, vollst\u00e4ndig, gem\u00e4\u00df den in der Bestellung angegebenen Qualifikationen und gegebenenfalls mit Garantieunterlagen und Bedienungsanleitungen zu liefern. Wenn das vertragsgegenst\u00e4ndliche Produkt an eine andere Person\/Organisation als den K\u00c4UFER geliefert werden soll, kann der Verk\u00e4ufer nicht daf\u00fcr verantwortlich gemacht werden, wenn die zu liefernde Person\/Organisation die Lieferung nicht annimmt. Der Verk\u00e4ufer akzeptiert, dass der K\u00c4UFER das Recht hat, vom Vertrag zur\u00fcckzutreten, indem er das Produkt innerhalb von 14 (vierzehn) Tagen ab dem Tag des Erhalts des Produkts ablehnt, ohne eine rechtliche oder strafrechtliche Haftung zu \u00fcbernehmen und ohne Angabe von Gr\u00fcnden. Der K\u00c4UFER kann jedoch innerhalb der Frist vom Vertragsschluss bis zur Auslieferung der Ware vom Widerrufsrecht Gebrauch machen. Der Verk\u00e4ufer gibt den Produktpreis innerhalb von 14 (vierzehn) Tagen nach Erhalt der Widerrufserkl\u00e4rung zur\u00fcck. Sofern der Verk\u00e4ufer oder der Lieferant kein Angebot zur R\u00fccknahme der Ware macht, muss der K\u00c4UFER die Ware innerhalb von zehn Tagen ab dem Datum der Mitteilung \u00fcber die Aus\u00fcbung des Rechts an den Verk\u00e4ufer oder den Lieferanten oder die von ihm beauftragte Person zur\u00fccksenden des Entzugs. Der Verk\u00e4ufer kann aus begr\u00fcndeten Gr\u00fcnden ein anderes Produkt mit gleicher Qualit\u00e4t und gleichem Preis liefern, sofern er den K\u00c4UFER informiert und seine ausdr\u00fcckliche Zustimmung vor Ablauf der Leistungsfrist im Vertrag erh\u00e4lt. Wenn der Verk\u00e4ufer der Ansicht ist, dass die Lieferung und Leistung des Produkts unm\u00f6glich geworden ist, benachrichtigt er den K\u00c4UFER vor Ablauf der Vertragserf\u00fcllungsfrist. In diesem Fall kann der K\u00c4UFER von einem der Rechte Gebrauch machen, die Bestellung zu stornieren, das vertragsgegenst\u00e4ndliche Produkt durch ein etwaiges Vorg\u00e4ngerprodukt zu ersetzen und\/oder die Lieferzeit bis zur Beseitigung des Hindernisses zu verschieben. Wenn der K\u00c4UFER die Bestellung storniert, werden der bezahlte Preis und die eventuellen Dokumente innerhalb von 10 (zehn) Tagen zur\u00fcckerstattet. Defekte oder besch\u00e4digte Produkte, die mit oder ohne Garantieschein verkauft werden, k\u00f6nnen innerhalb der Garantiebedingungen zur notwendigen Reparatur an den Verk\u00e4ufer gesendet werden, wobei die Versandkosten vom Verk\u00e4ufer getragen werden.<\/p>\n\n<p>ARTIKEL 7: EIGENSCHAFTEN DES VERTRAGSPRODUKTS<\/p>\n\n<p>Art und Typ des Produkts, Menge, Marke\/Modell, Farbe und Verkaufspreis einschlie\u00dflich aller Steuern sind in den Informationen auf der Einf\u00fchrungsseite des Produkts auf der Website <a href=\"www.ariateliers.com\">www.ariateliers.com angegeben<\/a> . Der Verk\u00e4ufer ist nicht verantwortlich f\u00fcr Preisaktualisierungsfehler aus technischen Gr\u00fcnden.<\/p>\n\n<p>ARTIKEL 8: TERMINPREIS<\/p>\n\n<p>Der Verkaufspreis des Produkts kann sich je nach F\u00e4lligkeitsdatum \u00e4ndern. Dies wird zum Zeitpunkt der Zahlung deutlich angegeben.<\/p>\n\n<p>ARTIKEL 9: ZINSEN<\/p>\n\n<p>Wenn der K\u00e4ufer mit Kreditkarte oder auf Raten kauft, wird der Verkaufspreis bestimmt, indem die monatlichen Zinsen auf die Anzahl der Raten angewendet werden. Der K\u00c4UFER kann detaillierte Informationen von der Bank erhalten, mit der er zusammenarbeitet.<\/p>\n\n<p>ARTIKEL 10: ZAHLUNGSPLAN<\/p>\n\n<p>Da die Terminverk\u00e4ufe nur mit den Kreditkarten der Banken get\u00e4tigt werden, akzeptiert der K\u00c4UFER, dass er die jeweiligen Zinss\u00e4tze und die Angaben zu den Verzugszinsen gesondert von der Bank best\u00e4tigt, sowie die Bestimmungen zu Zinsen und Verzug Zinsen werden im Rahmen des Kreditkartenvertrags zwischen der Bank und dem K\u00c4UFER in \u00dcbereinstimmung mit den Bestimmungen der geltenden Gesetzgebung erhoben, erkl\u00e4rt und verpflichtet. Bei Ratenzahlungsgesch\u00e4ften gelten die entsprechenden Bestimmungen des zwischen dem K\u00c4UFER und der karteninhaberischen Bank abgeschlossenen Vertrages. Das Kreditkartenzahlungsdatum wird durch den Vertrag zwischen der Bank und dem K\u00c4UFER bestimmt. Der K\u00c4UFER kann die Anzahl der Raten und Zahlungen auch anhand des von der Bank \u00fcbermittelten Kontoauszugs verfolgen.<\/p>\n\n<p>ARTIKEL 11: WIDERRUFSRECHT<\/p>\n\n<p>Der K\u00c4UFER kann sein Widerrufsrecht innerhalb von 14 (vierzehn) Tagen ab Lieferung des vertragsgegenst\u00e4ndlichen Produkts an sich selbst oder die Person\/Organisation unter der angegebenen Adresse aus\u00fcben. Um das Widerrufsrecht auszu\u00fcben, muss dem Verk\u00e4ufer innerhalb derselben Frist eine schriftliche Mitteilung per Einschreiben, Fax oder E-Mail zugestellt werden, und das Produkt darf nicht zu den in Artikel 12 aufgef\u00fchrten Produkten geh\u00f6ren. Sofern der Verk\u00e4ufer oder der Lieferant kein Angebot zur R\u00fccknahme der Ware macht, ist der Verbraucher verpflichtet, die Ware innerhalb von zehn Tagen ab dem Datum der Benachrichtigung \u00fcber die Aus\u00fcbung des Rechts an den Verk\u00e4ufer oder den Lieferanten oder die von ihm bevollm\u00e4chtigte Person zur\u00fcckzusenden des Entzugs. Wird von diesem Recht Gebrauch gemacht, 3. Es ist obligatorisch, die Originalrechnung f\u00fcr das gelieferte Produkt an die Person oder den K\u00c4UFER zur\u00fcckzusenden. Der Produktpreis wird dem K\u00c4UFER innerhalb von 14 (vierzehn) Tagen nach Erhalt der Widerrufsbelehrung zur\u00fcckerstattet. Wenn die Originalrechnung nicht gesendet wird, k\u00f6nnen Mehrwertsteuer und andere gesetzliche Verpflichtungen, falls vorhanden, nicht an den K\u00c4UFER zur\u00fcckerstattet werden. Die Versandkosten des aufgrund des Widerrufsrechts zur\u00fcckgesendeten Produkts tr\u00e4gt der Verk\u00e4ufer.<\/p>\n\n<p>Solange der K\u00e4ufer die zur\u00fcckzusendende Ware mit dem im Vorabinformationsformular angegebenen Transportunternehmen des Verk\u00e4ufers an den Verk\u00e4ufer schickt, gehen die R\u00fccksendekosten zu Lasten des Verk\u00e4ufers. Falls der K\u00e4ufer die zur\u00fcckzusendende Ware mit einem anderen Frachtunternehmen als dem im Vorabinformationsformular angegebenen Frachtunternehmen des Verk\u00e4ufers versendet, ist der Verk\u00e4ufer nicht verantwortlich f\u00fcr die R\u00fccksendekosten und die Sch\u00e4den, die die Ware w\u00e4hrend des Frachtvorgangs erleidet . Wird das Widerrufsrecht innerhalb der Frist bis zur Lieferung der Ware nach Auftragsbest\u00e4tigung ausge\u00fcbt, tr\u00e4gt der K\u00e4ufer die R\u00fccksendekosten.<\/p>\n\n<p>ARTIKEL 12: PRODUKTE UND DIENSTLEISTUNGEN, DIE NICHT MIT WIDERRUFSRECHT VERWENDET WERDEN K\u00d6NNEN<\/p>\n\n<p>a) Vertr\u00e4ge \u00fcber Waren oder Dienstleistungen, deren Preise sich in Abh\u00e4ngigkeit von den Schwankungen auf den Finanzm\u00e4rkten \u00e4ndern und die nicht der Kontrolle des VERK\u00c4UFERS unterliegen.<\/p>\n\n<p>b) Vertr\u00e4ge zur Lieferung von verderblichen, Verfallsdatum und Einweg + Waren.<\/p>\n\n<p>c) von Waren, deren Schutzelemente wie Verpackung, Klebeband, Siegel, Verpackung nach der Lieferung ge\u00f6ffnet wurden; Vertr\u00e4ge zur Belieferung von Personen, deren R\u00fccksendung aus gesundheitlicher und hygienischer Sicht ungeeignet ist.<\/p>\n\n<p>\u00e7) Vertr\u00e4ge \u00fcber Waren, die nach Lieferung mit anderen Produkten vermischt werden und aufgrund ihrer Beschaffenheit nicht trennbar sind.<\/p>\n\n<p>d) Vertr\u00e4ge \u00fcber B\u00fccher, digitale Inhalte und Computerverbrauchsmaterialien, die in materieller Umgebung angeboten werden, falls die Schutzelemente wie Verpackung, Klebeband, Siegel, Verpackung nach der Lieferung der Waren ge\u00f6ffnet wurden.<\/p>\n\n<p>e) Kosmetikprodukte, wenn die Schutzelemente wie Verpackung, Klebeband, Siegel, Verpackung nach Lieferung der Ware ge\u00f6ffnet wurden.<\/p>\n\n<p>f) Produkte, die aufgrund ihrer Beschaffenheit nicht zur\u00fcckgegeben werden k\u00f6nnen (au\u00dfer in F\u00e4llen, in denen das Produkt defekt oder defekt ist, Produkte, die nach dem \u00d6ffnen ein Gesundheitsrisiko darstellen k\u00f6nnen, z (In-Ear- oder Over-Ear-Kopfh\u00f6rer usw.)), Einwegprodukte.<\/p>\n\n<p>ARTIKEL 13: VERZUGSSTATUS UND RECHTSFOLGEN<\/p>\n\n<p>Kommt der K\u00c4UFER mit seinen Kreditkartenums\u00e4tzen in Verzug, zahlt der Karteninhaber Zinsen im Rahmen der mit ihm von der Bank abgeschlossenen Kreditkartenvereinbarung und haftet gegen\u00fcber der Bank. In diesem Fall kann die zust\u00e4ndige Bank rechtliche Schritte einleiten; kann die entstehenden Kosten und Anwaltsgeb\u00fchren vom K\u00c4UFER geltend machen, und in jedem Fall stimmt der K\u00c4UFER f\u00fcr den Fall, dass der K\u00c4UFER aufgrund seiner Schuld in Verzug ger\u00e4t, zu, den Schaden und die Verluste zu zahlen, die dem Verk\u00e4ufer aufgrund der versp\u00e4teten Erf\u00fcllung des Vertrags entstehen Schuld.<\/p>\n\n<p>ARTIKEL 14: ZUGELASSENES GERICHT<\/p>\n\n<p>Bei Streitigkeiten, die sich aus diesem Vertrag ergeben k\u00f6nnen, sind Verbraucherschlichtungsaussch\u00fcsse bis zu dem vom Ministerium f\u00fcr Industrie und Handel erkl\u00e4rten Wert und in F\u00e4llen, die diese Werte \u00fcberschreiten, Verbrauchergerichte in den Vergleichen von K\u00c4UFER und Verk\u00e4ufer von den Zivilgerichten erster Instanz als zugelassen das Verbrauchergericht an Orten, an denen kein Verbrauchergericht eingerichtet wurde.<\/p>\n\n<p>ARTIKEL 15: WIRKSAMKEIT<\/p>\n\n<p>F\u00fcr den Fall, dass die Zahlung f\u00fcr die auf der Website aufgegebene Bestellung ausgef\u00fchrt wird, wird davon ausgegangen, dass der K\u00c4UFER alle Bedingungen dieses Vertrages akzeptiert hat. Der VERK\u00c4UFER ist verpflichtet, Softwarevorkehrungen zu treffen, um sicherzustellen, dass der betreffende Vertrag nicht auf der Website platziert werden kann, ohne eine Best\u00e4tigung zu erhalten, dass er vom K\u00c4UFER gelesen und akzeptiert wurde.<\/p>\n\n<p>ARTIKEL 16: SCHUTZ PERSONENBEZOGENER DATEN und DATENSCHUTZERKL\u00c4RUNG<\/p>\n\n<p>Der K\u00c4UFER erkl\u00e4rt sich hiermit einverstanden, eine Informationsnachricht \u00fcber die Aktion und Rabatte per SMS an das Mobiltelefon zu senden, das er f\u00fcr die Mitgliedschaft angegeben hat. Der Kunde hat das Recht, seine diesbez\u00fcgliche Einwilligung jederzeit zu widerrufen.<\/p>\n\n<p>Der VERK\u00c4UFER kann die ihm von den K\u00c4UFERN \u00fcber die Website <a href=\"www.ariateliers.com\">www.ariateliers.com<\/a> \u00fcbermittelten Informationen gem\u00e4\u00df den Bestimmungen der \u201eDatenschutzrichtlinie\u201c verwenden. Es kann diese Informationen verarbeiten und in einer Datenbank speichern. Ari Atelier auch; Die Identit\u00e4t, Adresse, E-Mail-Adresse, Telefonnummer, IP-Adresse des K\u00c4UFERS, welche Teile der Website <a href=\"www.ariateliers.com\">www.ariateliers.com<\/a> besucht werden, Domaintyp, Browsertyp, Datum und Uhrzeit des Besuchs usw. k\u00f6nnen ebenfalls sein verwendet f\u00fcr statistische Auswertungen, Ank\u00fcndigungen von Kampagnen und pers\u00f6nliche Informationen, kann f\u00fcr Zwecke wie die Erbringung von Dienstleistungen verwendet werden. Die pers\u00f6nlichen Daten der K\u00c4UFER werden nicht an echte und legale Dritte weitergegeben, au\u00dfer auf Anfrage der gesetzlich autorisierten Beh\u00f6rden und in den unten aufgef\u00fchrten F\u00e4llen.<\/p>\n\n<p>Der K\u00c4UFER, der VERK\u00c4UFER, seine gegenw\u00e4rtigen und zuk\u00fcnftigen verbundenen Unternehmen, Tochtergesellschaften, Partner, Rechtsnachfolger und\/oder Drittorganisationen, die von ihnen bestimmt werden, der vom K\u00c4UFER \u00fcbermittelten personenbezogenen Daten, durch alle Arten von Verkaufsf\u00f6rderung, Werbung, Verkaufsf\u00f6rderung, Kommunikation, Verkauf, Marketing, Kundenkarten, Kreditkarten und f\u00fcr Mitgliedschaftsantr\u00e4ge, zur Aufzeichnung, Aufbewahrung in schriftlichen\/magnetischen Archiven, Speicherung, Verarbeitung, Aktualisierung, Weitergabe, \u00dcbertragung und Nutzung auf unbestimmte Zeit oder f\u00fcr den vorhersehbaren Zeitraum, SMS, Internet , Brief, Telefon usw., sofern nicht anders angegeben. erm\u00f6glicht es ihnen, \u00fcber Kan\u00e4le zu kommunizieren. Wenn der K\u00c4UFER seine Pr\u00e4ferenzen f\u00fcr die gemeinsame Nutzung von Daten \u00e4ndern m\u00f6chte, kann er diese Anfrage an die von Ari Atelier angegebenen Kommunikationskan\u00e4le weiterleiten. Informationen, die auf <a href=\"www.ariateliers.com\">www.ariateliers.com<\/a> f\u00fcr Mitgliedschaftszwecke, den Kauf von Produkten\/Dienstleistungen und die Aktualisierung von Informationen eingegeben werden, sowie vertrauliche Informationen \u00fcber Kredit- und Debitkarten werden von anderen Internetnutzern nicht angezeigt.<\/p>\n\n<p>Dieser Vertrag, der aus 16 (sechzehn) Artikeln besteht, wurde vom K\u00c4UFER gelesen und abgeschlossen und trat in Kraft, indem er am \u2026\/\u2026\/20\u2026 elektronisch genehmigt wurde.<\/p>\n\n<p>SEITEN<\/p>\n\n<p>VERK\u00c4UFER: Ari Atelier \u2013 <a href=\"www.ariateliers.com\">www.ariateliers.com<\/a> \u2013<\/p>\n\n<p>K\u00c4UFER:\u2026.<\/p>\n","protected":false},"excerpt":{"rendered":"<p>Dieser Fernabsatzvertrag (\u201eVERTRAG\u201c) 1. Es wurde in der elektronischen Umgebung zwischen den im Artikel genannten Parteien im Rahmen der unten angegebenen Bedingungen eingerichtet. ARTIKEL 1: PARTEIEN 1.1 VERK\u00c4UFER: Titel: ARI&hellip;<\/p>\n","protected":false},"author":1,"featured_media":0,"parent":0,"menu_order":0,"comment_status":"closed","ping_status":"closed","template":"","meta":{"footnotes":""},"class_list":["post-945","page","type-page","status-publish","hentry"],"_links":{"self":[{"href":"https:\/\/helloaria.de\/de\/wp-json\/wp\/v2\/pages\/945","targetHints":{"allow":["GET"]}}],"collection":[{"href":"https:\/\/helloaria.de\/de\/wp-json\/wp\/v2\/pages"}],"about":[{"href":"https:\/\/helloaria.de\/de\/wp-json\/wp\/v2\/types\/page"}],"author":[{"embeddable":true,"href":"https:\/\/helloaria.de\/de\/wp-json\/wp\/v2\/users\/1"}],"replies":[{"embeddable":true,"href":"https:\/\/helloaria.de\/de\/wp-json\/wp\/v2\/comments?post=945"}],"version-history":[{"count":2,"href":"https:\/\/helloaria.de\/de\/wp-json\/wp\/v2\/pages\/945\/revisions"}],"predecessor-version":[{"id":1011,"href":"https:\/\/helloaria.de\/de\/wp-json\/wp\/v2\/pages\/945\/revisions\/1011"}],"wp:attachment":[{"href":"https:\/\/helloaria.de\/de\/wp-json\/wp\/v2\/media?parent=945"}],"curies":[{"name":"wp","href":"https:\/\/api.w.org\/{rel}","templated":true}]}}