{"id":980,"date":"2017-06-07T14:30:24","date_gmt":"2017-06-07T14:30:24","guid":{"rendered":"https:\/\/ariateliers.com\/wer-sind-wir\/"},"modified":"2022-05-11T22:29:24","modified_gmt":"2022-05-11T22:29:24","slug":"wer-sind-wir","status":"publish","type":"page","link":"https:\/\/helloaria.de\/de\/wer-sind-wir\/","title":{"rendered":"Wer sind wir?"},"content":{"rendered":"<section class=\"wpb-content-wrapper\"><p>[vc_row css=\u201c.vc_custom_1480665418505{margin-top: 20px !important;margin-bottom: 90px !important;}\u201c][vc_column width=\u201c2\/3\u2033 offset=\u201cvc_col-lg-offset-2 vc_col-lg-8 vc_col-md-offset-0 vc_col-md-12 vc_col-sm-offset-0\u2033][vc_column_text css_animation=\u201cfadeIn\u201c]<\/p>\n<p style=\"color: #23232c; font-size: 22px; font-weight: 500; line-height: 34px;\">Als Ari Ateliers m\u00f6chten wir unseren Stil und unsere \u00e4sthetische Perspektive auf Keramikbecher, Kerzen und pers\u00f6nliche Gegenst\u00e4nde widerspiegeln Accessoires f\u00fcr 2020 sind wir im Jahr aufgebrochen.<\/p>\n<p>[\/vc_column_text][\/vc_column][\/vc_row][vc_row][vc_column][vc_custom_heading text=\u201cUnsere Servicestandards\u201c font_container=\u201ctag:h2|font_size:40px|text_align:center\u201c use_theme_fonts=\u201cyes\u201c css=\u201c.vc_custom_1652036374556{margin-bottom: 80px !important;}\u201c][vc_tta_pageable no_fill_content_area=\u201c1\u2033 active_section=\u201c1\u2033 pagination_style=\u201cflat-square\u201c][vc_tta_section title=\u201cSection 1\u2033 tab_id=\u201c1480665177230-56fa6166-974b\u201c][vc_row_inner][vc_column_inner width=\u201c1\/4\u2033]<div class=\"sober-icon-box icon-type-external_link icon-style-normal  \">\n\t\t\t\t<div class=\"box-icon\"><img decoding=\"async\" alt=\"Kostenloser Versand\" src=\"https:\/\/ik.imagekit.io\/vn49p9jmnnv7g\/sober\/rocket_5RTHnVkFv.svg\"><\/div>\n\t\t\t\t<h3 class=\"box-title\">Kostenloser Versand<\/h3>\n\t\t\t\t<div class=\"box-content\">Ihre Bestellungen bei Ari Ateliers werden kostenlos in die ganze T\u00fcrkei versandt. Der Versand erfolgt am Tag der Bestellung oder am Folgetag. Bei Ari Ateliers werden nicht vorr\u00e4tige Produkte niemals verkauft. Somit wird Ihre Bestellung auf dem schnellsten Weg zu Ihnen geliefert.<\/div>\n\t\t\t<\/div>[\/vc_column_inner][vc_column_inner width=\u201c1\/4\u2033]<div class=\"sober-icon-box icon-type-external_link icon-style-normal  \">\n\t\t\t\t<div class=\"box-icon\"><img decoding=\"async\" alt=\"24\/7 Support\" src=\"https:\/\/ik.imagekit.io\/vn49p9jmnnv7g\/sober\/social_N6LfStkC2.svg\"><\/div>\n\t\t\t\t<h3 class=\"box-title\">24\/7 Support<\/h3>\n\t\t\t\t<div class=\"box-content\">Sie k\u00f6nnen uns Ihre Fragen, Kommentare und Vorschl\u00e4ge zu unseren Produkten senden und Dienstleistungen jederzeit . \u00dcber unsere Kommunikationskan\u00e4le (<a href=\"https:\/\/ariateliers.com\/contact\">unser Kontaktformular<\/a>, <a href=\"mailto:hello@ariateliers.com\">hello@ariateliers.com<\/ a> oder unsere WhatsApp-Leitung) k\u00f6nnen Sie die gew\u00fcnschte ausw\u00e4hlen und uns kontaktieren.<\/div>\n\t\t\t<\/div>[\/vc_column_inner][vc_column_inner width=\u201c1\/4\u2033]<div class=\"sober-icon-box icon-type-external_link icon-style-normal  \">\n\t\t\t\t<div class=\"box-icon\"><img decoding=\"async\" alt=\"Zahlungssicherheit\" src=\"https:\/\/ik.imagekit.io\/vn49p9jmnnv7g\/sober\/partnership_Mnpr3q64B.svg\"><\/div>\n\t\t\t\t<h3 class=\"box-title\">Zahlungssicherheit<\/h3>\n\t\t\t\t<div class=\"box-content\">Sie k\u00f6nnen Ihre Zahlungen \u00fcber Paytr sicher mit Ihrer Kredit-\/Debitkarte vornehmen. Sie k\u00f6nnen auch die Option der \u00dcberweisung\/Eft-Transaktion auf unser offizielles Bankkonto w\u00e4hlen. Wenn Sie Ihre Bestellung aufgeben oder Ihre Bestellung zur\u00fccksenden m\u00f6chten, wird Ihnen die von Ihnen geleistete Zahlung unverz\u00fcglich zur\u00fcckerstattet.<\/div>\n\t\t\t<\/div>[\/vc_column_inner][vc_column_inner width=\u201c1\/4\u2033]<div class=\"sober-icon-box icon-type-material icon-style-normal  \">\n\t\t\t\t<div class=\"box-icon\"><i class=\"vc-material vc-material-redeem\"><\/i><\/div>\n\t\t\t\t<h3 class=\"box-title\">Verpackung<\/h3>\n\t\t\t\t<div class=\"box-content\">Ihre Bestellungen werden sorgf\u00e4ltig in der stilvollen Box verpackt. Wenn Sie die Packung zum ersten Mal ber\u00fchren, werden Sie die Qualit\u00e4t von Ari Ateliers sp\u00fcren. Damit Ihr Produkt Sie sicher erreicht, verpacken und versenden wir es auf die sicherste Art und Weise, ohne die \u00c4sthetik zu beeintr\u00e4chtigen. Wenn du m\u00f6chtest, kannst du eine Geschenkbox erstellen und jemandem ein Geschenk mit deiner besonderen Note schicken.<\/div>\n\t\t\t<\/div>[\/vc_column_inner][\/vc_row_inner][\/vc_tta_section][\/vc_tta_pageable][\/vc_column][\/vc_row]<\/p>\n<\/section>","protected":false},"excerpt":{"rendered":"<p>[vc_row css=\u201c.vc_custom_1480665418505{margin-top: 20px !important;margin-bottom: 90px !important;}\u201c][vc_column width=\u201c2\/3\u2033 offset=\u201cvc_col-lg-offset-2 vc_col-lg-8 vc_col-md-offset-0 vc_col-md-12 vc_col-sm-offset-0\u2033][vc_column_text css_animation=\u201cfadeIn\u201c] Als Ari Ateliers m\u00f6chten wir unseren Stil und unsere \u00e4sthetische Perspektive auf Keramikbecher, Kerzen und pers\u00f6nliche Gegenst\u00e4nde&hellip;<\/p>\n","protected":false},"author":1,"featured_media":0,"parent":0,"menu_order":0,"comment_status":"closed","ping_status":"closed","template":"","meta":{"footnotes":""},"class_list":["post-980","page","type-page","status-publish","hentry"],"_links":{"self":[{"href":"https:\/\/helloaria.de\/de\/wp-json\/wp\/v2\/pages\/980","targetHints":{"allow":["GET"]}}],"collection":[{"href":"https:\/\/helloaria.de\/de\/wp-json\/wp\/v2\/pages"}],"about":[{"href":"https:\/\/helloaria.de\/de\/wp-json\/wp\/v2\/types\/page"}],"author":[{"embeddable":true,"href":"https:\/\/helloaria.de\/de\/wp-json\/wp\/v2\/users\/1"}],"replies":[{"embeddable":true,"href":"https:\/\/helloaria.de\/de\/wp-json\/wp\/v2\/comments?post=980"}],"version-history":[{"count":16,"href":"https:\/\/helloaria.de\/de\/wp-json\/wp\/v2\/pages\/980\/revisions"}],"predecessor-version":[{"id":1087,"href":"https:\/\/helloaria.de\/de\/wp-json\/wp\/v2\/pages\/980\/revisions\/1087"}],"wp:attachment":[{"href":"https:\/\/helloaria.de\/de\/wp-json\/wp\/v2\/media?parent=980"}],"curies":[{"name":"wp","href":"https:\/\/api.w.org\/{rel}","templated":true}]}}