{"id":1214,"date":"2022-05-09T19:55:23","date_gmt":"2022-05-09T19:55:23","guid":{"rendered":"https:\/\/ariateliers.com\/product\/sidney-mug\/"},"modified":"2022-05-13T19:36:26","modified_gmt":"2022-05-13T19:36:26","slug":"sidney-mug-2","status":"publish","type":"product","link":"https:\/\/helloaria.de\/de\/produkt\/sidney-mug-2\/","title":{"rendered":"Sidney Mug"},"content":{"rendered":"<p>Die Inspiration f\u00fcr unseren Keramiktasse ist Sydney, die gr\u00f6\u00dfte Stadt Australiens, ber\u00fchmt f\u00fcr ihre wei\u00dfen Str\u00e4nde und das blaue Wasser. Unser Tasse macht mit seinem au\u00dfergew\u00f6hnlichen Henkeldesign den Unterschied.<\/p>\n<p>Unser Produkt ist Keramik. Es hat ein sehr stilvolles Design und eine Produktion mit einem ungew\u00f6hnlichen Griff. Seine leuchtenden Farben werden Sie aufw\u00e4rmen.<\/p>\n","protected":false},"excerpt":{"rendered":"<p>Die Inspiration f\u00fcr unseren Keramiktasse ist Sydney, die gr\u00f6\u00dfte Stadt Australiens, ber\u00fchmt f\u00fcr ihre wei\u00dfen Str\u00e4nde und das blaue Wasser. Unser Tasse macht mit seinem au\u00dfergew\u00f6hnlichen Henkeldesign den Unterschied.<\/p>\n","protected":false},"featured_media":799,"comment_status":"open","ping_status":"closed","template":"","meta":[],"product_brand":[],"product_cat":[93,89],"product_tag":[193,192,189],"class_list":{"0":"post-1214","1":"product","2":"type-product","3":"status-publish","4":"has-post-thumbnail","6":"product_cat-mug-de","7":"product_cat-tassen","8":"product_tag-becher","9":"product_tag-geschenk","10":"product_tag-keramik","12":"first","13":"instock","14":"shipping-taxable","15":"purchasable","16":"product-type-simple","17":"layout-style-2","18":"col-md-4 col-sm-4 col-xs-6","19":"col-lg-3","20":"product-has-gallery","21":"product-style-addtocart"},"_links":{"self":[{"href":"https:\/\/helloaria.de\/de\/wp-json\/wp\/v2\/product\/1214","targetHints":{"allow":["GET"]}}],"collection":[{"href":"https:\/\/helloaria.de\/de\/wp-json\/wp\/v2\/product"}],"about":[{"href":"https:\/\/helloaria.de\/de\/wp-json\/wp\/v2\/types\/product"}],"replies":[{"embeddable":true,"href":"https:\/\/helloaria.de\/de\/wp-json\/wp\/v2\/comments?post=1214"}],"wp:featuredmedia":[{"embeddable":true,"href":"https:\/\/helloaria.de\/de\/wp-json\/wp\/v2\/media\/799"}],"wp:attachment":[{"href":"https:\/\/helloaria.de\/de\/wp-json\/wp\/v2\/media?parent=1214"}],"wp:term":[{"taxonomy":"product_brand","embeddable":true,"href":"https:\/\/helloaria.de\/de\/wp-json\/wp\/v2\/product_brand?post=1214"},{"taxonomy":"product_cat","embeddable":true,"href":"https:\/\/helloaria.de\/de\/wp-json\/wp\/v2\/product_cat?post=1214"},{"taxonomy":"product_tag","embeddable":true,"href":"https:\/\/helloaria.de\/de\/wp-json\/wp\/v2\/product_tag?post=1214"}],"curies":[{"name":"wp","href":"https:\/\/api.w.org\/{rel}","templated":true}]}}