{"id":1218,"date":"2022-05-09T19:36:19","date_gmt":"2022-05-09T19:36:19","guid":{"rendered":"https:\/\/ariateliers.com\/product\/gaia-kerze\/"},"modified":"2022-05-13T19:49:35","modified_gmt":"2022-05-13T19:49:35","slug":"gaia-kerze","status":"publish","type":"product","link":"https:\/\/helloaria.de\/de\/produkt\/gaia-kerze\/","title":{"rendered":"Gaia Kerze"},"content":{"rendered":"<p>Ein speziell entwickeltes, rein nat\u00fcrliches, organisches und gesundes Sojawachs. Es bietet mit seiner dekorativen Gesichtsfigur einen stilvollen Look.<\/p>\n<p>Sojawachs ist ein pflanzlicher Rohstoff, der aus Sojabohnen gewonnen wird. Da es pflanzlichen Ursprungs ist, belastet es die Umwelt nicht und ist v\u00f6llig nat\u00fcrlich. Es enth\u00e4lt keine Toxine und Karzinogene. Es verursacht keine Verschmutzung.<\/p>\n<p>SOJAWACHSE SIND NAT\u00dcRLICH.<\/p>\n<p>Sie werden aus Soja\u00f6l hergestellt. Sie sind vollst\u00e4ndig pflanzlich, biologisch abbaubar oder recycelbar.<\/p>\n<p>SOJAWACHSE HALTEN L\u00c4NGER.<\/p>\n<p>Sie sind sparsamer, da sie l\u00e4nger brennen als Paraffinkerzen.<\/p>\n<p>SOJAWACHSE FUNKTIONIEREN NICHT.<\/p>\n<p>Auch bei Dauereinsatz tritt ein solches Problem nicht auf.<\/p>\n<p>SOJAWACHSE SIND UNGIFTIG.<\/p>\n<p>Sojakerzen vergiften aufgrund ihrer pflanzlichen Rohstoffe nicht die Atemluft. Paraffinwachse hingegen sind aufgrund der freigesetzten krebserregenden Stoffe f\u00fcr Mensch und Tier sch\u00e4dlich.<\/p>\n<p>SOJAKERZEN HABEN EINEN INTENSIVEREN GERUCH.<\/p>\n<p>Sojawachse riechen intensiver, weil sie niedrigere Schmelzpunkte haben als Paraffinwachse.<\/p>\n","protected":false},"excerpt":{"rendered":"<p>Ein speziell entwickeltes, rein nat\u00fcrliches, organisches und gesundes Sojawachs. Es bietet mit seiner dekorativen Gesichtsfigur einen stilvollen Look.<\/p>\n","protected":false},"featured_media":735,"comment_status":"open","ping_status":"closed","template":"","meta":[],"product_brand":[],"product_cat":[97,95],"product_tag":[],"class_list":{"0":"post-1218","1":"product","2":"type-product","3":"status-publish","4":"has-post-thumbnail","6":"product_cat-dekorative-kerzen","7":"product_cat-kerzen","9":"first","10":"instock","11":"shipping-taxable","12":"purchasable","13":"product-type-simple","14":"layout-style-2","15":"col-md-4 col-sm-4 col-xs-6","16":"col-lg-3","17":"product-has-gallery","18":"product-style-addtocart"},"_links":{"self":[{"href":"https:\/\/helloaria.de\/de\/wp-json\/wp\/v2\/product\/1218","targetHints":{"allow":["GET"]}}],"collection":[{"href":"https:\/\/helloaria.de\/de\/wp-json\/wp\/v2\/product"}],"about":[{"href":"https:\/\/helloaria.de\/de\/wp-json\/wp\/v2\/types\/product"}],"replies":[{"embeddable":true,"href":"https:\/\/helloaria.de\/de\/wp-json\/wp\/v2\/comments?post=1218"}],"wp:featuredmedia":[{"embeddable":true,"href":"https:\/\/helloaria.de\/de\/wp-json\/wp\/v2\/media\/735"}],"wp:attachment":[{"href":"https:\/\/helloaria.de\/de\/wp-json\/wp\/v2\/media?parent=1218"}],"wp:term":[{"taxonomy":"product_brand","embeddable":true,"href":"https:\/\/helloaria.de\/de\/wp-json\/wp\/v2\/product_brand?post=1218"},{"taxonomy":"product_cat","embeddable":true,"href":"https:\/\/helloaria.de\/de\/wp-json\/wp\/v2\/product_cat?post=1218"},{"taxonomy":"product_tag","embeddable":true,"href":"https:\/\/helloaria.de\/de\/wp-json\/wp\/v2\/product_tag?post=1218"}],"curies":[{"name":"wp","href":"https:\/\/api.w.org\/{rel}","templated":true}]}}