{"id":1224,"date":"2022-05-09T19:40:36","date_gmt":"2022-05-09T19:40:36","guid":{"rendered":"https:\/\/ariateliers.com\/product\/las-vegas-mug\/"},"modified":"2022-05-13T19:36:27","modified_gmt":"2022-05-13T19:36:27","slug":"las-vegas-mug-2","status":"publish","type":"product","link":"https:\/\/helloaria.de\/de\/produkt\/las-vegas-mug-2\/","title":{"rendered":"Las Vegas Mug"},"content":{"rendered":"<p>Die Inspiration f\u00fcr unseren Keramiktasse ist Las Vegas, ber\u00fchmt f\u00fcr sein buntes Leben. Unser Tasse macht mit seinem au\u00dfergew\u00f6hnlichen Henkeldesign den Unterschied.<\/p>\n<p>Unser Produkt ist Keramik. Es hat ein sehr stilvolles Design und eine Produktion mit einem ungew\u00f6hnlichen Griff. Seine leuchtenden Farben werden Sie aufw\u00e4rmen.<\/p>\n","protected":false},"excerpt":{"rendered":"<p>Die Inspiration f\u00fcr unseren Keramiktasse ist Las Vegas, ber\u00fchmt f\u00fcr sein buntes Leben. Unser Tasse macht mit seinem au\u00dfergew\u00f6hnlichen Henkeldesign den Unterschied.<\/p>\n","protected":false},"featured_media":745,"comment_status":"open","ping_status":"closed","template":"","meta":[],"product_brand":[],"product_cat":[93,89],"product_tag":[],"class_list":{"0":"post-1224","1":"product","2":"type-product","3":"status-publish","4":"has-post-thumbnail","6":"product_cat-mug-de","7":"product_cat-tassen","9":"first","10":"instock","11":"shipping-taxable","12":"purchasable","13":"product-type-simple","14":"layout-style-2","15":"col-md-4 col-sm-4 col-xs-6","16":"col-lg-3","17":"product-has-gallery","18":"product-style-addtocart"},"_links":{"self":[{"href":"https:\/\/helloaria.de\/de\/wp-json\/wp\/v2\/product\/1224","targetHints":{"allow":["GET"]}}],"collection":[{"href":"https:\/\/helloaria.de\/de\/wp-json\/wp\/v2\/product"}],"about":[{"href":"https:\/\/helloaria.de\/de\/wp-json\/wp\/v2\/types\/product"}],"replies":[{"embeddable":true,"href":"https:\/\/helloaria.de\/de\/wp-json\/wp\/v2\/comments?post=1224"}],"wp:featuredmedia":[{"embeddable":true,"href":"https:\/\/helloaria.de\/de\/wp-json\/wp\/v2\/media\/745"}],"wp:attachment":[{"href":"https:\/\/helloaria.de\/de\/wp-json\/wp\/v2\/media?parent=1224"}],"wp:term":[{"taxonomy":"product_brand","embeddable":true,"href":"https:\/\/helloaria.de\/de\/wp-json\/wp\/v2\/product_brand?post=1224"},{"taxonomy":"product_cat","embeddable":true,"href":"https:\/\/helloaria.de\/de\/wp-json\/wp\/v2\/product_cat?post=1224"},{"taxonomy":"product_tag","embeddable":true,"href":"https:\/\/helloaria.de\/de\/wp-json\/wp\/v2\/product_tag?post=1224"}],"curies":[{"name":"wp","href":"https:\/\/api.w.org\/{rel}","templated":true}]}}