{"id":1233,"date":"2022-05-09T19:18:34","date_gmt":"2022-05-09T19:18:34","guid":{"rendered":"https:\/\/ariateliers.com\/product\/shell-kerze\/"},"modified":"2022-05-13T19:36:29","modified_gmt":"2022-05-13T19:36:29","slug":"shell-kerze","status":"publish","type":"product","link":"https:\/\/helloaria.de\/de\/produkt\/shell-kerze\/","title":{"rendered":"Shell Kerze"},"content":{"rendered":"<p>Muschelf\u00f6rmige Dekokerze mit Sojawachsanteil<\/p>\n<p>Sojawachs ist \u00e4u\u00dferst gesund, es schadet nicht, es einzuatmen. Es ist auch viel besser in der Abgabe von Duft als andere Arten von Kerzen. W\u00e4hlen Sie f\u00fcr Ihre Gesundheit nat\u00fcrliche Sojakerzen.<\/p>\n","protected":false},"excerpt":{"rendered":"<p>Muschelf\u00f6rmige Dekokerze mit Sojawachsanteil<\/p>\n","protected":false},"featured_media":682,"comment_status":"open","ping_status":"closed","template":"","meta":[],"product_brand":[],"product_cat":[99,95],"product_tag":[],"class_list":{"0":"post-1233","1":"product","2":"type-product","3":"status-publish","4":"has-post-thumbnail","6":"product_cat-figur-kerzen","7":"product_cat-kerzen","9":"first","10":"instock","11":"shipping-taxable","12":"purchasable","13":"product-type-variable","14":"layout-style-2","15":"col-md-4 col-sm-4 col-xs-6","16":"col-lg-3","17":"product-style-addtocart"},"_links":{"self":[{"href":"https:\/\/helloaria.de\/de\/wp-json\/wp\/v2\/product\/1233","targetHints":{"allow":["GET"]}}],"collection":[{"href":"https:\/\/helloaria.de\/de\/wp-json\/wp\/v2\/product"}],"about":[{"href":"https:\/\/helloaria.de\/de\/wp-json\/wp\/v2\/types\/product"}],"replies":[{"embeddable":true,"href":"https:\/\/helloaria.de\/de\/wp-json\/wp\/v2\/comments?post=1233"}],"wp:featuredmedia":[{"embeddable":true,"href":"https:\/\/helloaria.de\/de\/wp-json\/wp\/v2\/media\/682"}],"wp:attachment":[{"href":"https:\/\/helloaria.de\/de\/wp-json\/wp\/v2\/media?parent=1233"}],"wp:term":[{"taxonomy":"product_brand","embeddable":true,"href":"https:\/\/helloaria.de\/de\/wp-json\/wp\/v2\/product_brand?post=1233"},{"taxonomy":"product_cat","embeddable":true,"href":"https:\/\/helloaria.de\/de\/wp-json\/wp\/v2\/product_cat?post=1233"},{"taxonomy":"product_tag","embeddable":true,"href":"https:\/\/helloaria.de\/de\/wp-json\/wp\/v2\/product_tag?post=1233"}],"curies":[{"name":"wp","href":"https:\/\/api.w.org\/{rel}","templated":true}]}}