{"id":1278,"date":"2022-05-09T19:04:46","date_gmt":"2022-05-09T19:04:46","guid":{"rendered":"https:\/\/ariateliers.com\/product\/bubble-kerze\/"},"modified":"2022-05-13T20:51:01","modified_gmt":"2022-05-13T20:51:01","slug":"bubble-kerze","status":"publish","type":"product","link":"https:\/\/helloaria.de\/de\/produkt\/bubble-kerze\/","title":{"rendered":"Bubble Kerze"},"content":{"rendered":"<p>Dekorative w\u00fcrfelf\u00f6rmige Kerze aus Blasen mit Sojawachsanteil<\/p>\n<p>Sojawachs ist \u00e4u\u00dferst gesund, es schadet nicht, es einzuatmen. Es ist auch viel besser in der Abgabe von Duft als andere Arten von Kerzen. W\u00e4hlen Sie f\u00fcr Ihre Gesundheit nat\u00fcrliche Sojakerzen.<\/p>\n","protected":false},"excerpt":{"rendered":"<p>Dekorative w\u00fcrfelf\u00f6rmige Kerze aus Blasen mit Sojawachsanteil<\/p>\n","protected":false},"featured_media":629,"comment_status":"open","ping_status":"closed","template":"","meta":[],"product_brand":[],"product_cat":[99,95],"product_tag":[],"class_list":{"0":"post-1278","1":"product","2":"type-product","3":"status-publish","4":"has-post-thumbnail","6":"product_cat-figur-kerzen","7":"product_cat-kerzen","9":"first","10":"instock","11":"shipping-taxable","12":"purchasable","13":"product-type-variable","14":"layout-style-2","15":"col-md-4 col-sm-4 col-xs-6","16":"col-lg-3","17":"product-style-addtocart"},"_links":{"self":[{"href":"https:\/\/helloaria.de\/de\/wp-json\/wp\/v2\/product\/1278","targetHints":{"allow":["GET"]}}],"collection":[{"href":"https:\/\/helloaria.de\/de\/wp-json\/wp\/v2\/product"}],"about":[{"href":"https:\/\/helloaria.de\/de\/wp-json\/wp\/v2\/types\/product"}],"replies":[{"embeddable":true,"href":"https:\/\/helloaria.de\/de\/wp-json\/wp\/v2\/comments?post=1278"}],"wp:featuredmedia":[{"embeddable":true,"href":"https:\/\/helloaria.de\/de\/wp-json\/wp\/v2\/media\/629"}],"wp:attachment":[{"href":"https:\/\/helloaria.de\/de\/wp-json\/wp\/v2\/media?parent=1278"}],"wp:term":[{"taxonomy":"product_brand","embeddable":true,"href":"https:\/\/helloaria.de\/de\/wp-json\/wp\/v2\/product_brand?post=1278"},{"taxonomy":"product_cat","embeddable":true,"href":"https:\/\/helloaria.de\/de\/wp-json\/wp\/v2\/product_cat?post=1278"},{"taxonomy":"product_tag","embeddable":true,"href":"https:\/\/helloaria.de\/de\/wp-json\/wp\/v2\/product_tag?post=1278"}],"curies":[{"name":"wp","href":"https:\/\/api.w.org\/{rel}","templated":true}]}}