{"id":1425,"date":"2022-05-16T20:25:25","date_gmt":"2022-05-16T20:25:25","guid":{"rendered":"https:\/\/ariateliers.com\/product\/teamgeist\/"},"modified":"2022-05-21T10:20:37","modified_gmt":"2022-05-21T10:20:37","slug":"teamgeist","status":"publish","type":"product","link":"https:\/\/helloaria.de\/de\/produkt\/teamgeist\/","title":{"rendered":"Teamgeist"},"content":{"rendered":"<p>\u00c4sthetik entsteht aus Einheit!<br \/>\nUnsere Figurenkerzen schlossen sich zusammen und bildeten einen Teamgeist, um die Atmosph\u00e4re Ihres Wohnraums zu ver\u00e4ndern.<\/p>\n<p>Unsere Sojawachskerzen sind vollkommen gesund, nat\u00fcrlich und vegan. Es enth\u00e4lt keine tierischen und chemischen Produkte. Es schadet nicht, es einzuatmen. Sein Aroma wird die Atmosph\u00e4re der Umgebung ver\u00e4ndern.<\/p>\n<p>Shell, Shining Woman und Bubble \u2013 3er-Set<\/p>\n","protected":false},"excerpt":{"rendered":"<p>Shell, Shining Woman und Bubble \u2013 3er-Set<\/p>\n","protected":false},"featured_media":1379,"comment_status":"open","ping_status":"closed","template":"","meta":[],"product_brand":[],"product_cat":[99,95],"product_tag":[],"class_list":{"0":"post-1425","1":"product","2":"type-product","3":"status-publish","4":"has-post-thumbnail","6":"product_cat-figur-kerzen","7":"product_cat-kerzen","9":"first","10":"instock","11":"sale","12":"shipping-taxable","13":"purchasable","14":"product-type-variable","15":"layout-style-2","16":"col-md-4 col-sm-4 col-xs-6","17":"col-lg-3","18":"product-style-addtocart"},"_links":{"self":[{"href":"https:\/\/helloaria.de\/de\/wp-json\/wp\/v2\/product\/1425","targetHints":{"allow":["GET"]}}],"collection":[{"href":"https:\/\/helloaria.de\/de\/wp-json\/wp\/v2\/product"}],"about":[{"href":"https:\/\/helloaria.de\/de\/wp-json\/wp\/v2\/types\/product"}],"replies":[{"embeddable":true,"href":"https:\/\/helloaria.de\/de\/wp-json\/wp\/v2\/comments?post=1425"}],"wp:featuredmedia":[{"embeddable":true,"href":"https:\/\/helloaria.de\/de\/wp-json\/wp\/v2\/media\/1379"}],"wp:attachment":[{"href":"https:\/\/helloaria.de\/de\/wp-json\/wp\/v2\/media?parent=1425"}],"wp:term":[{"taxonomy":"product_brand","embeddable":true,"href":"https:\/\/helloaria.de\/de\/wp-json\/wp\/v2\/product_brand?post=1425"},{"taxonomy":"product_cat","embeddable":true,"href":"https:\/\/helloaria.de\/de\/wp-json\/wp\/v2\/product_cat?post=1425"},{"taxonomy":"product_tag","embeddable":true,"href":"https:\/\/helloaria.de\/de\/wp-json\/wp\/v2\/product_tag?post=1425"}],"curies":[{"name":"wp","href":"https:\/\/api.w.org\/{rel}","templated":true}]}}