{"id":949,"date":"2022-05-09T20:06:30","date_gmt":"2022-05-09T20:06:30","guid":{"rendered":"https:\/\/ariateliers.com\/product\/du-siehst-toll-aus-tasse\/"},"modified":"2022-05-11T19:57:04","modified_gmt":"2022-05-11T19:57:04","slug":"you-look-great-tasse","status":"publish","type":"product","link":"https:\/\/helloaria.de\/de\/produkt\/you-look-great-tasse\/","title":{"rendered":"You Look Great Tasse"},"content":{"rendered":"<p>\u201eYou Look Great Keramik Caption Cup\u201c mit seinen lebendigen Farben<\/p>\n<p>Machen Sie Ihren Lieben eine Freude, indem Sie ein farbenfrohes Kompliment w\u00e4hlen. Verschenken Sie es mit Ihrer besonderen Note in einer stilvollen, personalisierten Geschenkbox an wen Sie m\u00f6chten oder machen Sie sich selbst eine sch\u00f6ne Belohnung. Du verdienst es, weil du gro\u00dfartig aussiehst.<\/p>\n","protected":false},"excerpt":{"rendered":"<p>&#8222;You Look Great Keramik Caption Cup&#8220; mit seinen lebendigen Farben<\/p>\n","protected":false},"featured_media":851,"comment_status":"open","ping_status":"closed","template":"","meta":[],"product_brand":[],"product_cat":[91,89],"product_tag":[],"class_list":{"0":"post-949","1":"product","2":"type-product","3":"status-publish","4":"has-post-thumbnail","6":"product_cat-caption-cup-de","7":"product_cat-tassen","9":"first","10":"instock","11":"shipping-taxable","12":"purchasable","13":"product-type-simple","14":"layout-style-2","15":"col-md-4 col-sm-4 col-xs-6","16":"col-lg-3","17":"product-has-gallery","18":"product-style-addtocart"},"_links":{"self":[{"href":"https:\/\/helloaria.de\/de\/wp-json\/wp\/v2\/product\/949","targetHints":{"allow":["GET"]}}],"collection":[{"href":"https:\/\/helloaria.de\/de\/wp-json\/wp\/v2\/product"}],"about":[{"href":"https:\/\/helloaria.de\/de\/wp-json\/wp\/v2\/types\/product"}],"replies":[{"embeddable":true,"href":"https:\/\/helloaria.de\/de\/wp-json\/wp\/v2\/comments?post=949"}],"wp:featuredmedia":[{"embeddable":true,"href":"https:\/\/helloaria.de\/de\/wp-json\/wp\/v2\/media\/851"}],"wp:attachment":[{"href":"https:\/\/helloaria.de\/de\/wp-json\/wp\/v2\/media?parent=949"}],"wp:term":[{"taxonomy":"product_brand","embeddable":true,"href":"https:\/\/helloaria.de\/de\/wp-json\/wp\/v2\/product_brand?post=949"},{"taxonomy":"product_cat","embeddable":true,"href":"https:\/\/helloaria.de\/de\/wp-json\/wp\/v2\/product_cat?post=949"},{"taxonomy":"product_tag","embeddable":true,"href":"https:\/\/helloaria.de\/de\/wp-json\/wp\/v2\/product_tag?post=949"}],"curies":[{"name":"wp","href":"https:\/\/api.w.org\/{rel}","templated":true}]}}